{"id":28,"date":"2020-01-17T15:26:04","date_gmt":"2020-01-17T15:26:04","guid":{"rendered":"https:\/\/demosites.io\/web-agency\/?page_id=28"},"modified":"2020-08-26T13:13:37","modified_gmt":"2020-08-26T13:13:37","slug":"about","status":"publish","type":"page","link":"https:\/\/ftec-global.com\/index.php\/about\/","title":{"rendered":"\u00fcber Uns"},"content":{"rendered":"\t\t<div data-elementor-type=\"wp-page\" data-elementor-id=\"28\" class=\"elementor elementor-28\">\n\t\t\t\t\t\t<div class=\"elementor-inner\">\n\t\t\t\t<div class=\"elementor-section-wrap\">\n\t\t\t\t\t\t\t\t\t<section class=\"elementor-section elementor-top-section elementor-element elementor-element-d58ea62 elementor-section-boxed elementor-section-height-default elementor-section-height-default\" data-id=\"d58ea62\" data-element_type=\"section\">\n\t\t\t\t\t\t<div class=\"elementor-container elementor-column-gap-default\">\n\t\t\t\t\t\t\t<div class=\"elementor-row\">\n\t\t\t\t\t<div class=\"elementor-column elementor-col-50 elementor-top-column elementor-element elementor-element-978314f\" data-id=\"978314f\" data-element_type=\"column\">\n\t\t\t<div class=\"elementor-column-wrap elementor-element-populated\">\n\t\t\t\t\t\t\t<div class=\"elementor-widget-wrap\">\n\t\t\t\t\t\t<div class=\"elementor-element elementor-element-fe4411c elementor-widget elementor-widget-heading\" data-id=\"fe4411c\" data-element_type=\"widget\" data-widget_type=\"heading.default\">\n\t\t\t\t<div class=\"elementor-widget-container\">\n\t\t\t<h1 class=\"elementor-heading-title elementor-size-default\">About Us<\/h1>\t\t<\/div>\n\t\t\t\t<\/div>\n\t\t\t\t\t\t<\/div>\n\t\t\t\t\t<\/div>\n\t\t<\/div>\n\t\t\t\t<div class=\"elementor-column elementor-col-50 elementor-top-column elementor-element elementor-element-794c29e\" data-id=\"794c29e\" data-element_type=\"column\">\n\t\t\t<div class=\"elementor-column-wrap\">\n\t\t\t\t\t\t\t<div class=\"elementor-widget-wrap\">\n\t\t\t\t\t\t\t\t<\/div>\n\t\t\t\t\t<\/div>\n\t\t<\/div>\n\t\t\t\t\t\t\t\t<\/div>\n\t\t\t\t\t<\/div>\n\t\t<\/section>\n\t\t\t\t<section class=\"elementor-section elementor-top-section elementor-element elementor-element-4289a2a elementor-section-boxed elementor-section-height-default elementor-section-height-default\" data-id=\"4289a2a\" data-element_type=\"section\" data-settings=\"{&quot;background_background&quot;:&quot;classic&quot;}\">\n\t\t\t\t\t\t<div class=\"elementor-container elementor-column-gap-default\">\n\t\t\t\t\t\t\t<div class=\"elementor-row\">\n\t\t\t\t\t<div class=\"elementor-column elementor-col-50 elementor-top-column elementor-element elementor-element-180b719\" data-id=\"180b719\" data-element_type=\"column\">\n\t\t\t<div class=\"elementor-column-wrap elementor-element-populated\">\n\t\t\t\t\t\t\t<div class=\"elementor-widget-wrap\">\n\t\t\t\t\t\t<div class=\"elementor-element elementor-element-9c76e5e elementor-widget elementor-widget-image\" data-id=\"9c76e5e\" data-element_type=\"widget\" data-widget_type=\"image.default\">\n\t\t\t\t<div class=\"elementor-widget-container\">\n\t\t\t\t\t\t\t\t<div class=\"elementor-image\">\n\t\t\t\t\t\t\t\t\t\t\t\t<img width=\"1024\" height=\"678\" src=\"https:\/\/i1.wp.com\/ftec-global.com\/wp-content\/uploads\/2020\/08\/zoll_bereich2_bearbeitet_NEU.jpg?fit=1024%2C678&amp;ssl=1\" class=\"attachment-large size-large wp-image-87\" alt=\"\" loading=\"lazy\" srcset=\"https:\/\/i1.wp.com\/ftec-global.com\/wp-content\/uploads\/2020\/08\/zoll_bereich2_bearbeitet_NEU.jpg?w=1309&amp;ssl=1 1309w, https:\/\/i1.wp.com\/ftec-global.com\/wp-content\/uploads\/2020\/08\/zoll_bereich2_bearbeitet_NEU.jpg?resize=300%2C199&amp;ssl=1 300w, https:\/\/i1.wp.com\/ftec-global.com\/wp-content\/uploads\/2020\/08\/zoll_bereich2_bearbeitet_NEU.jpg?resize=1024%2C678&amp;ssl=1 1024w, https:\/\/i1.wp.com\/ftec-global.com\/wp-content\/uploads\/2020\/08\/zoll_bereich2_bearbeitet_NEU.jpg?resize=768%2C509&amp;ssl=1 768w\" sizes=\"(max-width: 1024px) 100vw, 1024px\" \/>\t\t\t\t\t\t\t\t\t\t\t\t\t\t<\/div>\n\t\t\t\t\t\t<\/div>\n\t\t\t\t<\/div>\n\t\t\t\t\t\t<\/div>\n\t\t\t\t\t<\/div>\n\t\t<\/div>\n\t\t\t\t<div class=\"elementor-column elementor-col-50 elementor-top-column elementor-element elementor-element-b10cbf9\" data-id=\"b10cbf9\" data-element_type=\"column\">\n\t\t\t<div class=\"elementor-column-wrap elementor-element-populated\">\n\t\t\t\t\t\t\t<div class=\"elementor-widget-wrap\">\n\t\t\t\t\t\t<div class=\"elementor-element elementor-element-291533d elementor-widget elementor-widget-heading\" data-id=\"291533d\" data-element_type=\"widget\" data-widget_type=\"heading.default\">\n\t\t\t\t<div class=\"elementor-widget-container\">\n\t\t\t<h2 class=\"elementor-heading-title elementor-size-default\">FTEC GMBH<\/h2>\t\t<\/div>\n\t\t\t\t<\/div>\n\t\t\t\t<div class=\"elementor-element elementor-element-e479d2f elementor-widget elementor-widget-text-editor\" data-id=\"e479d2f\" data-element_type=\"widget\" data-widget_type=\"text-editor.default\">\n\t\t\t\t<div class=\"elementor-widget-container\">\n\t\t\t\t\t\t\t\t<div class=\"elementor-text-editor elementor-clearfix\">\n\t\t\t\t<h3>Ihre Spezialisten f\u00fcr sichere und effiziente Au\u00dfenhandelsprozesse!<\/h3>\t\t\t\t\t<\/div>\n\t\t\t\t\t\t<\/div>\n\t\t\t\t<\/div>\n\t\t\t\t<div class=\"elementor-element elementor-element-5e04df4 elementor-widget elementor-widget-text-editor\" data-id=\"5e04df4\" data-element_type=\"widget\" data-widget_type=\"text-editor.default\">\n\t\t\t\t<div class=\"elementor-widget-container\">\n\t\t\t\t\t\t\t\t<div class=\"elementor-text-editor elementor-clearfix\">\n\t\t\t\t<p>Als idealer Ansprechpartner f\u00fcr Ihre Zoll-und Exportkontrollabteilung haben wir uns auf die Abbildung des internationalen Au\u00dfenhandels mit SAP GTS &amp; unseren SAP GTS Cloud -\u201ereadytowork\u201c L\u00f6sungen spezialisiert.<\/p><h5>Unsere Vision:<\/h5><ul><li>Softwareentwicklung und -beratung mit Spezialisierung auf die Herausforderungen im internationalen Au\u00dfenhandel<\/li><li>kundenindividuelle Anpassungen &amp; Weiterentwicklungen<\/li><li>Beratung, Implementierung und Support von\u00a0 SAP GTS Systemen<\/li><\/ul>\t\t\t\t\t<\/div>\n\t\t\t\t\t\t<\/div>\n\t\t\t\t<\/div>\n\t\t\t\t\t\t<\/div>\n\t\t\t\t\t<\/div>\n\t\t<\/div>\n\t\t\t\t\t\t\t\t<\/div>\n\t\t\t\t\t<\/div>\n\t\t<\/section>\n\t\t\t\t<section class=\"elementor-section elementor-top-section elementor-element elementor-element-3ba47cd elementor-section-boxed elementor-section-height-default elementor-section-height-default\" data-id=\"3ba47cd\" data-element_type=\"section\" data-settings=\"{&quot;background_background&quot;:&quot;classic&quot;}\">\n\t\t\t\t\t\t<div class=\"elementor-container elementor-column-gap-default\">\n\t\t\t\t\t\t\t<div class=\"elementor-row\">\n\t\t\t\t\t<div class=\"elementor-column elementor-col-50 elementor-top-column elementor-element elementor-element-1d6aef9\" data-id=\"1d6aef9\" data-element_type=\"column\">\n\t\t\t<div class=\"elementor-column-wrap elementor-element-populated\">\n\t\t\t\t\t\t\t<div class=\"elementor-widget-wrap\">\n\t\t\t\t\t\t<div class=\"elementor-element elementor-element-6a6214e elementor-widget elementor-widget-heading\" data-id=\"6a6214e\" data-element_type=\"widget\" data-widget_type=\"heading.default\">\n\t\t\t\t<div class=\"elementor-widget-container\">\n\t\t\t<h3 class=\"elementor-heading-title elementor-size-default\">Ihre Spezialisten f\u00fcr sichere und effiziente Au\u00dfenhandelsprozesse!<\/h3>\t\t<\/div>\n\t\t\t\t<\/div>\n\t\t\t\t<div class=\"elementor-element elementor-element-5a86f5a elementor-widget elementor-widget-text-editor\" data-id=\"5a86f5a\" data-element_type=\"widget\" data-widget_type=\"text-editor.default\">\n\t\t\t\t<div class=\"elementor-widget-container\">\n\t\t\t\t\t\t\t\t<div class=\"elementor-text-editor elementor-clearfix\">\n\t\t\t\t<div id=\"c730\" class=\"o-container o-wrapper\"><div class=\"c-textmedia u-margin-bottom u-margin-bottom-large@medium \"><div class=\"o-layout o-layout--large\"><div class=\"o-layout__item u-1\/2@medium\"><div class=\"c-textmedia__text\"><p class=\"c-rte__text\">Als unabh\u00e4ngiges SAP Beratungsunternehmen mit der Spezialisierung auf die Abbildung des internationalen Au\u00dfenhandels mit SAP GTS sind wir der ideale Ansprechpartner Ihrer Zoll- und Exportkontrollabteilung.<\/p><p>Wir unterst\u00fctzen\u00a0 kleine &amp; mittelst\u00e4ndische Unternehmen bei der Weiterentwicklung von Gesch\u00e4ftsstrategien und deren Digitalisierung und Optimierung von Gesch\u00e4ftsprozessen mittels SAP GTS.<\/p><p>Analyse &amp; Optimierung von bestehenden Gesch\u00e4ftsprozessen, ma\u00dfgeschneiderte L\u00f6sungen f\u00fcr den internationalen Zoll- und Au\u00dfenhandel auf Basis von SAP GTS , sowie die Einf\u00fchrung von SAP GTS\u00a0 f\u00fcr die Abwicklung von Zoll- und Au\u00dfenhandelsgesch\u00e4ften<\/p><\/div><\/div><div class=\"o-layout__item u-1\/2@medium\"><div class=\"c-textmedia__text\"><p class=\"c-rte__text\">\u00a0<\/p><\/div><\/div><\/div><\/div><\/div><p>\u00a0<\/p>\t\t\t\t\t<\/div>\n\t\t\t\t\t\t<\/div>\n\t\t\t\t<\/div>\n\t\t\t\t<div class=\"elementor-element elementor-element-7bf2068 elementor-mobile-align-justify elementor-widget elementor-widget-button\" data-id=\"7bf2068\" data-element_type=\"widget\" data-widget_type=\"button.default\">\n\t\t\t\t<div class=\"elementor-widget-container\">\n\t\t\t\t\t<div class=\"elementor-button-wrapper\">\n\t\t\t<a href=\"https:\/\/ftec-global.com\/index.php\/kontakt\/\" class=\"elementor-button-link elementor-button elementor-size-md\" role=\"button\">\n\t\t\t\t\t\t<span class=\"elementor-button-content-wrapper\">\n\t\t\t\t\t\t<span class=\"elementor-button-text\">Kontakt<\/span>\n\t\t<\/span>\n\t\t\t\t\t<\/a>\n\t\t<\/div>\n\t\t\t\t<\/div>\n\t\t\t\t<\/div>\n\t\t\t\t\t\t<\/div>\n\t\t\t\t\t<\/div>\n\t\t<\/div>\n\t\t\t\t<div class=\"elementor-column elementor-col-50 elementor-top-column elementor-element elementor-element-0666b8c\" data-id=\"0666b8c\" data-element_type=\"column\">\n\t\t\t<div class=\"elementor-column-wrap elementor-element-populated\">\n\t\t\t\t\t\t\t<div class=\"elementor-widget-wrap\">\n\t\t\t\t\t\t<div class=\"elementor-element elementor-element-8c20997 elementor-widget elementor-widget-image\" data-id=\"8c20997\" data-element_type=\"widget\" data-widget_type=\"image.default\">\n\t\t\t\t<div class=\"elementor-widget-container\">\n\t\t\t\t\t\t\t\t<div class=\"elementor-image\">\n\t\t\t\t\t\t\t\t\t\t\t\t<img width=\"1024\" height=\"1024\" src=\"https:\/\/i1.wp.com\/ftec-global.com\/wp-content\/uploads\/2020\/08\/rocket-launch-67649_1920.jpg?fit=1024%2C1024&amp;ssl=1\" class=\"attachment-large size-large wp-image-98\" alt=\"\" loading=\"lazy\" srcset=\"https:\/\/i1.wp.com\/ftec-global.com\/wp-content\/uploads\/2020\/08\/rocket-launch-67649_1920.jpg?w=1224&amp;ssl=1 1224w, https:\/\/i1.wp.com\/ftec-global.com\/wp-content\/uploads\/2020\/08\/rocket-launch-67649_1920.jpg?resize=300%2C300&amp;ssl=1 300w, https:\/\/i1.wp.com\/ftec-global.com\/wp-content\/uploads\/2020\/08\/rocket-launch-67649_1920.jpg?resize=1024%2C1024&amp;ssl=1 1024w, https:\/\/i1.wp.com\/ftec-global.com\/wp-content\/uploads\/2020\/08\/rocket-launch-67649_1920.jpg?resize=150%2C150&amp;ssl=1 150w, https:\/\/i1.wp.com\/ftec-global.com\/wp-content\/uploads\/2020\/08\/rocket-launch-67649_1920.jpg?resize=768%2C768&amp;ssl=1 768w\" sizes=\"(max-width: 1024px) 100vw, 1024px\" \/>\t\t\t\t\t\t\t\t\t\t\t\t\t\t<\/div>\n\t\t\t\t\t\t<\/div>\n\t\t\t\t<\/div>\n\t\t\t\t\t\t<\/div>\n\t\t\t\t\t<\/div>\n\t\t<\/div>\n\t\t\t\t\t\t\t\t<\/div>\n\t\t\t\t\t<\/div>\n\t\t<\/section>\n\t\t\t\t<section class=\"elementor-section elementor-top-section elementor-element elementor-element-834445e elementor-section-boxed elementor-section-height-default elementor-section-height-default\" data-id=\"834445e\" data-element_type=\"section\">\n\t\t\t\t\t\t<div class=\"elementor-container elementor-column-gap-default\">\n\t\t\t\t\t\t\t<div class=\"elementor-row\">\n\t\t\t\t\t<div class=\"elementor-column elementor-col-33 elementor-top-column elementor-element elementor-element-b6760f2\" data-id=\"b6760f2\" data-element_type=\"column\">\n\t\t\t<div class=\"elementor-column-wrap elementor-element-populated\">\n\t\t\t\t\t\t\t<div class=\"elementor-widget-wrap\">\n\t\t\t\t\t\t<div class=\"elementor-element elementor-element-85a8e33 elementor-position-left elementor-view-default elementor-mobile-position-top elementor-vertical-align-top elementor-widget elementor-widget-icon-box\" data-id=\"85a8e33\" data-element_type=\"widget\" data-widget_type=\"icon-box.default\">\n\t\t\t\t<div class=\"elementor-widget-container\">\n\t\t\t\t\t<div class=\"elementor-icon-box-wrapper\">\n\t\t\t\t\t\t<div class=\"elementor-icon-box-icon\">\n\t\t\t\t<span class=\"elementor-icon elementor-animation-\" >\n\t\t\t\t<i aria-hidden=\"true\" class=\"fas fa-check\"><\/i>\t\t\t\t<\/span>\n\t\t\t<\/div>\n\t\t\t\t\t\t<div class=\"elementor-icon-box-content\">\n\t\t\t\t<h3 class=\"elementor-icon-box-title\">\n\t\t\t\t\t<span  >\n\t\t\t\t\t\tSuper Efficient\t\t\t\t\t<\/span>\n\t\t\t\t<\/h3>\n\t\t\t\t\t\t\t\t\t<p class=\"elementor-icon-box-description\">\n\t\t\t\t\t\tWir denken Prozesse vom Anfang bis zum Ende. Mit unseren Dienstleistungen rund um das Thema SAP GTS unterst\u00fctzen wir unsere Kunden bedarfsgerecht.<br>\t\t\t\t\t<\/p>\n\t\t\t\t\t\t\t<\/div>\n\t\t<\/div>\n\t\t\t\t<\/div>\n\t\t\t\t<\/div>\n\t\t\t\t\t\t<\/div>\n\t\t\t\t\t<\/div>\n\t\t<\/div>\n\t\t\t\t<div class=\"elementor-column elementor-col-33 elementor-top-column elementor-element elementor-element-65d464a\" data-id=\"65d464a\" data-element_type=\"column\">\n\t\t\t<div class=\"elementor-column-wrap elementor-element-populated\">\n\t\t\t\t\t\t\t<div class=\"elementor-widget-wrap\">\n\t\t\t\t\t\t<div class=\"elementor-element elementor-element-e919e41 elementor-position-left elementor-view-default elementor-mobile-position-top elementor-vertical-align-top elementor-widget elementor-widget-icon-box\" data-id=\"e919e41\" data-element_type=\"widget\" data-widget_type=\"icon-box.default\">\n\t\t\t\t<div class=\"elementor-widget-container\">\n\t\t\t\t\t<div class=\"elementor-icon-box-wrapper\">\n\t\t\t\t\t\t<div class=\"elementor-icon-box-icon\">\n\t\t\t\t<span class=\"elementor-icon elementor-animation-\" >\n\t\t\t\t<i aria-hidden=\"true\" class=\"fas fa-check\"><\/i>\t\t\t\t<\/span>\n\t\t\t<\/div>\n\t\t\t\t\t\t<div class=\"elementor-icon-box-content\">\n\t\t\t\t<h3 class=\"elementor-icon-box-title\">\n\t\t\t\t\t<span  >\n\t\t\t\t\t\tDeeply Commited\t\t\t\t\t<\/span>\n\t\t\t\t<\/h3>\n\t\t\t\t\t\t\t\t\t<p class=\"elementor-icon-box-description\">\n\t\t\t\t\t\tDurch die Kombination von innovativen Technologien mit effektiven Prozessen steigern wir ihre Wettbewerbsf\u00e4higkeit.\t\t\t\t\t<\/p>\n\t\t\t\t\t\t\t<\/div>\n\t\t<\/div>\n\t\t\t\t<\/div>\n\t\t\t\t<\/div>\n\t\t\t\t\t\t<\/div>\n\t\t\t\t\t<\/div>\n\t\t<\/div>\n\t\t\t\t<div class=\"elementor-column elementor-col-33 elementor-top-column elementor-element elementor-element-fc1d2b8\" data-id=\"fc1d2b8\" data-element_type=\"column\">\n\t\t\t<div class=\"elementor-column-wrap elementor-element-populated\">\n\t\t\t\t\t\t\t<div class=\"elementor-widget-wrap\">\n\t\t\t\t\t\t<div class=\"elementor-element elementor-element-cda6012 elementor-position-left elementor-view-default elementor-mobile-position-top elementor-vertical-align-top elementor-widget elementor-widget-icon-box\" data-id=\"cda6012\" data-element_type=\"widget\" data-widget_type=\"icon-box.default\">\n\t\t\t\t<div class=\"elementor-widget-container\">\n\t\t\t\t\t<div class=\"elementor-icon-box-wrapper\">\n\t\t\t\t\t\t<div class=\"elementor-icon-box-icon\">\n\t\t\t\t<span class=\"elementor-icon elementor-animation-\" >\n\t\t\t\t<i aria-hidden=\"true\" class=\"fas fa-check\"><\/i>\t\t\t\t<\/span>\n\t\t\t<\/div>\n\t\t\t\t\t\t<div class=\"elementor-icon-box-content\">\n\t\t\t\t<h3 class=\"elementor-icon-box-title\">\n\t\t\t\t\t<span  >\n\t\t\t\t\t\tHighly Skilled\t\t\t\t\t<\/span>\n\t\t\t\t<\/h3>\n\t\t\t\t\t\t\t\t\t<p class=\"elementor-icon-box-description\">\n\t\t\t\t\t\tNutzen Sie unsere langj\u00e4hrige & erfolgreiche Praxiserfahrung und stellen Sie sicher, dass die Rechtssicherheit Ihres Unternehmens gew\u00e4hrleistet ist.\t\t\t\t\t<\/p>\n\t\t\t\t\t\t\t<\/div>\n\t\t<\/div>\n\t\t\t\t<\/div>\n\t\t\t\t<\/div>\n\t\t\t\t\t\t<\/div>\n\t\t\t\t\t<\/div>\n\t\t<\/div>\n\t\t\t\t\t\t\t\t<\/div>\n\t\t\t\t\t<\/div>\n\t\t<\/section>\n\t\t\t\t\t\t\t\t\t<\/div>\n\t\t\t<\/div>\n\t\t\t\t\t<\/div>\n\t\t","protected":false},"excerpt":{"rendered":"<p>About Us FTEC GMBH Ihre Spezialisten f\u00fcr sichere und effiziente Au\u00dfenhandelsprozesse! Als idealer Ansprechpartner f\u00fcr Ihre Zoll-und Exportkontrollabteilung haben wir uns auf die Abbildung des internationalen Au\u00dfenhandels mit SAP GTS &amp; unseren SAP GTS Cloud -\u201ereadytowork\u201c L\u00f6sungen spezialisiert. Unsere Vision: Softwareentwicklung und -beratung mit Spezialisierung auf die Herausforderungen im internationalen Au\u00dfenhandel kundenindividuelle Anpassungen &amp; Weiterentwicklungen&hellip;&nbsp;<a href=\"https:\/\/ftec-global.com\/index.php\/about\/\" class=\"\" rel=\"bookmark\">Weiterlesen &raquo;<span class=\"screen-reader-text\">\u00fcber Uns<\/span><\/a><\/p>\n","protected":false},"author":1,"featured_media":0,"parent":0,"menu_order":0,"comment_status":"closed","ping_status":"closed","template":"elementor_header_footer","meta":{"neve_meta_sidebar":"full-width","neve_meta_container":"","neve_meta_enable_content_width":"on","neve_meta_content_width":100,"neve_meta_title_alignment":"","neve_meta_author_avatar":"","neve_post_elements_order":"","neve_meta_disable_header":"","neve_meta_disable_footer":"","neve_meta_disable_title":"","spay_email":""},"_links":{"self":[{"href":"https:\/\/ftec-global.com\/index.php\/wp-json\/wp\/v2\/pages\/28"}],"collection":[{"href":"https:\/\/ftec-global.com\/index.php\/wp-json\/wp\/v2\/pages"}],"about":[{"href":"https:\/\/ftec-global.com\/index.php\/wp-json\/wp\/v2\/types\/page"}],"author":[{"embeddable":true,"href":"https:\/\/ftec-global.com\/index.php\/wp-json\/wp\/v2\/users\/1"}],"replies":[{"embeddable":true,"href":"https:\/\/ftec-global.com\/index.php\/wp-json\/wp\/v2\/comments?post=28"}],"version-history":[{"count":0,"href":"https:\/\/ftec-global.com\/index.php\/wp-json\/wp\/v2\/pages\/28\/revisions"}],"wp:attachment":[{"href":"https:\/\/ftec-global.com\/index.php\/wp-json\/wp\/v2\/media?parent=28"}],"curies":[{"name":"wp","href":"https:\/\/api.w.org\/{rel}","templated":true}]}}