{"id":32,"date":"2020-01-17T15:28:09","date_gmt":"2020-01-17T15:28:09","guid":{"rendered":"https:\/\/demosites.io\/web-agency\/?page_id=32"},"modified":"2020-08-28T07:24:51","modified_gmt":"2020-08-28T07:24:51","slug":"sap-gts-cloud_services","status":"publish","type":"page","link":"https:\/\/ftec-global.com\/index.php\/sap-gts-cloud_services\/","title":{"rendered":"Cloud Services"},"content":{"rendered":"\t\t<div data-elementor-type=\"wp-page\" data-elementor-id=\"32\" class=\"elementor elementor-32\">\n\t\t\t\t\t\t<div class=\"elementor-inner\">\n\t\t\t\t<div class=\"elementor-section-wrap\">\n\t\t\t\t\t\t\t\t\t<section class=\"elementor-section elementor-top-section elementor-element elementor-element-95dfe33 elementor-section-boxed elementor-section-height-default elementor-section-height-default\" data-id=\"95dfe33\" data-element_type=\"section\">\n\t\t\t\t\t\t<div class=\"elementor-container elementor-column-gap-default\">\n\t\t\t\t\t\t\t<div class=\"elementor-row\">\n\t\t\t\t\t<div class=\"elementor-column elementor-col-50 elementor-top-column elementor-element elementor-element-a926e3d\" data-id=\"a926e3d\" data-element_type=\"column\">\n\t\t\t<div class=\"elementor-column-wrap elementor-element-populated\">\n\t\t\t\t\t\t\t<div class=\"elementor-widget-wrap\">\n\t\t\t\t\t\t<div class=\"elementor-element elementor-element-b052411 elementor-widget elementor-widget-heading\" data-id=\"b052411\" data-element_type=\"widget\" data-widget_type=\"heading.default\">\n\t\t\t\t<div class=\"elementor-widget-container\">\n\t\t\t<h1 class=\"elementor-heading-title elementor-size-default\">SAP GTS Cloud Service mieten<\/h1>\t\t<\/div>\n\t\t\t\t<\/div>\n\t\t\t\t<div class=\"elementor-element elementor-element-cebed55 elementor-widget elementor-widget-text-editor\" data-id=\"cebed55\" data-element_type=\"widget\" data-widget_type=\"text-editor.default\">\n\t\t\t\t<div class=\"elementor-widget-container\">\n\t\t\t\t\t\t\t\t<div class=\"elementor-text-editor elementor-clearfix\">\n\t\t\t\t<p><b>Aus der Cloud: einfach starten, ohne eigene IT-Ressourcen<\/b><\/p><p>Um IT-Themen wie Betrieb, Updates, Datensicherheit oder Wartung brauchen Sie sich nicht zu k\u00fcmmern \u2013 das tun Spezialisten f\u00fcr Sie. Ihre Software ist immer auf dem neuesten Stand, auch bez\u00fcglich neuer Bestimmungen und Gesetze im Zoll- und Au\u00dfenwirtschaftsrecht.<\/p>\t\t\t\t\t<\/div>\n\t\t\t\t\t\t<\/div>\n\t\t\t\t<\/div>\n\t\t\t\t\t\t<\/div>\n\t\t\t\t\t<\/div>\n\t\t<\/div>\n\t\t\t\t<div class=\"elementor-column elementor-col-50 elementor-top-column elementor-element elementor-element-46c5b2b\" data-id=\"46c5b2b\" data-element_type=\"column\">\n\t\t\t<div class=\"elementor-column-wrap\">\n\t\t\t\t\t\t\t<div class=\"elementor-widget-wrap\">\n\t\t\t\t\t\t\t\t<\/div>\n\t\t\t\t\t<\/div>\n\t\t<\/div>\n\t\t\t\t\t\t\t\t<\/div>\n\t\t\t\t\t<\/div>\n\t\t<\/section>\n\t\t\t\t<section class=\"elementor-section elementor-top-section elementor-element elementor-element-3c6591e elementor-section-boxed elementor-section-height-default elementor-section-height-default\" data-id=\"3c6591e\" data-element_type=\"section\" data-settings=\"{&quot;background_background&quot;:&quot;classic&quot;}\">\n\t\t\t\t\t\t<div class=\"elementor-container elementor-column-gap-default\">\n\t\t\t\t\t\t\t<div class=\"elementor-row\">\n\t\t\t\t\t<div class=\"elementor-column elementor-col-100 elementor-top-column elementor-element elementor-element-95e3364\" data-id=\"95e3364\" data-element_type=\"column\">\n\t\t\t<div class=\"elementor-column-wrap elementor-element-populated\">\n\t\t\t\t\t\t\t<div class=\"elementor-widget-wrap\">\n\t\t\t\t\t\t<section class=\"elementor-section elementor-inner-section elementor-element elementor-element-a6e9fc1 elementor-section-boxed elementor-section-height-default elementor-section-height-default\" data-id=\"a6e9fc1\" data-element_type=\"section\">\n\t\t\t\t\t\t<div class=\"elementor-container elementor-column-gap-default\">\n\t\t\t\t\t\t\t<div class=\"elementor-row\">\n\t\t\t\t\t<div class=\"elementor-column elementor-col-50 elementor-inner-column elementor-element elementor-element-cb297ed\" data-id=\"cb297ed\" data-element_type=\"column\">\n\t\t\t<div class=\"elementor-column-wrap elementor-element-populated\">\n\t\t\t\t\t\t\t<div class=\"elementor-widget-wrap\">\n\t\t\t\t\t\t<div class=\"elementor-element elementor-element-e23b0dc elementor-widget elementor-widget-image\" data-id=\"e23b0dc\" data-element_type=\"widget\" data-widget_type=\"image.default\">\n\t\t\t\t<div class=\"elementor-widget-container\">\n\t\t\t\t\t\t\t\t<div class=\"elementor-image\">\n\t\t\t\t\t\t\t\t\t\t\t\t<img width=\"1024\" height=\"1024\" src=\"https:\/\/i2.wp.com\/ftec-global.com\/wp-content\/uploads\/2020\/08\/54798063_xl-trans.jpg?fit=1024%2C1024&amp;ssl=1\" class=\"attachment-large size-large wp-image-126\" alt=\"\" loading=\"lazy\" srcset=\"https:\/\/i2.wp.com\/ftec-global.com\/wp-content\/uploads\/2020\/08\/54798063_xl-trans.jpg?w=2490&amp;ssl=1 2490w, https:\/\/i2.wp.com\/ftec-global.com\/wp-content\/uploads\/2020\/08\/54798063_xl-trans.jpg?resize=300%2C300&amp;ssl=1 300w, https:\/\/i2.wp.com\/ftec-global.com\/wp-content\/uploads\/2020\/08\/54798063_xl-trans.jpg?resize=1024%2C1024&amp;ssl=1 1024w, https:\/\/i2.wp.com\/ftec-global.com\/wp-content\/uploads\/2020\/08\/54798063_xl-trans.jpg?resize=150%2C150&amp;ssl=1 150w, https:\/\/i2.wp.com\/ftec-global.com\/wp-content\/uploads\/2020\/08\/54798063_xl-trans.jpg?resize=768%2C768&amp;ssl=1 768w, https:\/\/i2.wp.com\/ftec-global.com\/wp-content\/uploads\/2020\/08\/54798063_xl-trans.jpg?resize=1536%2C1536&amp;ssl=1 1536w, https:\/\/i2.wp.com\/ftec-global.com\/wp-content\/uploads\/2020\/08\/54798063_xl-trans.jpg?resize=2048%2C2048&amp;ssl=1 2048w, https:\/\/i2.wp.com\/ftec-global.com\/wp-content\/uploads\/2020\/08\/54798063_xl-trans.jpg?w=2400&amp;ssl=1 2400w\" sizes=\"(max-width: 1024px) 100vw, 1024px\" \/>\t\t\t\t\t\t\t\t\t\t\t\t\t\t<\/div>\n\t\t\t\t\t\t<\/div>\n\t\t\t\t<\/div>\n\t\t\t\t\t\t<\/div>\n\t\t\t\t\t<\/div>\n\t\t<\/div>\n\t\t\t\t<div class=\"elementor-column elementor-col-50 elementor-inner-column elementor-element elementor-element-366d600\" data-id=\"366d600\" data-element_type=\"column\">\n\t\t\t<div class=\"elementor-column-wrap elementor-element-populated\">\n\t\t\t\t\t\t\t<div class=\"elementor-widget-wrap\">\n\t\t\t\t\t\t<div class=\"elementor-element elementor-element-2425a8a elementor-widget elementor-widget-text-editor\" data-id=\"2425a8a\" data-element_type=\"widget\" data-widget_type=\"text-editor.default\">\n\t\t\t\t<div class=\"elementor-widget-container\">\n\t\t\t\t\t\t\t\t<div class=\"elementor-text-editor elementor-clearfix\">\n\t\t\t\t<h5>SAP GTS\u00a0 COMPLAINCE<\/h5><h5>Sichere und schnelle Ausfuhrprozesse<\/h5><p>\u2022 Stammdaten und Gesch\u00e4ftsprozesse nach gesetzlichen Regelungen bearbeiten<br \/>\u2022 Genehmigung nach EG \u00adDual\u00aduse\u00ad VO, AMV und Embargos im Bereich des Waren\u00ad und Dienstleistungsverkehrs<br \/>\u2022 Dual\u00aduse \u00adListe, G\u00fcterklassifizierung<br \/>\u2022 Teilembargo\u00ad Pr\u00fcfungen<br \/>\u2022 Auswertung von Pr\u00fcfungen zur gesetzlichen Kontrolle<\/p><h5>Ihre Vorteile:<\/h5><p>\u2022 Rechtssicherheit<br \/>\u2022 Optimierung Ihrer Organisation<br \/>\u2022 Effiziente und kostensparende Zollabwicklung<br \/>\u2022 Einhaltung der gesetzlichen Bestimmungen\/Anforderungen der Zollvorschriften<br \/>\u2022 Volle Bereitstellung der Audit\u00ad Daten<\/p><p>\u2022 Geringer Kapitalaufwand<br \/>\u2022<strong> Keine weiteren Transaktionskosten<\/strong><br \/>\u2022 Pr\u00e4ferenzen als Vorteil nutzen<\/p><div>\u00a0<\/div>\t\t\t\t\t<\/div>\n\t\t\t\t\t\t<\/div>\n\t\t\t\t<\/div>\n\t\t\t\t<div class=\"elementor-element elementor-element-d6f0d01 elementor-widget-divider--view-line elementor-widget elementor-widget-divider\" data-id=\"d6f0d01\" data-element_type=\"widget\" data-widget_type=\"divider.default\">\n\t\t\t\t<div class=\"elementor-widget-container\">\n\t\t\t\t\t<div class=\"elementor-divider\">\n\t\t\t<span class=\"elementor-divider-separator\">\n\t\t\t\t\t\t<\/span>\n\t\t<\/div>\n\t\t\t\t<\/div>\n\t\t\t\t<\/div>\n\t\t\t\t<div class=\"elementor-element elementor-element-ba719ff elementor-widget elementor-widget-testimonial\" data-id=\"ba719ff\" data-element_type=\"widget\" data-widget_type=\"testimonial.default\">\n\t\t\t\t<div class=\"elementor-widget-container\">\n\t\t\t\t\t<div class=\"elementor-testimonial-wrapper\">\n\t\t\t\t\t\t\t<div class=\"elementor-testimonial-content\">All inklusive zur monatlichen Miete, mit flexiblen Laufzeiten von 24 bis 84 Monaten.<\/div>\n\t\t\t\n\t\t\t\t\t<\/div>\n\t\t\t\t<\/div>\n\t\t\t\t<\/div>\n\t\t\t\t\t\t<\/div>\n\t\t\t\t\t<\/div>\n\t\t<\/div>\n\t\t\t\t\t\t\t\t<\/div>\n\t\t\t\t\t<\/div>\n\t\t<\/section>\n\t\t\t\t\t\t<\/div>\n\t\t\t\t\t<\/div>\n\t\t<\/div>\n\t\t\t\t\t\t\t\t<\/div>\n\t\t\t\t\t<\/div>\n\t\t<\/section>\n\t\t\t\t<section class=\"elementor-section elementor-top-section elementor-element elementor-element-74fb0c3 elementor-section-boxed elementor-section-height-default elementor-section-height-default\" data-id=\"74fb0c3\" data-element_type=\"section\">\n\t\t\t\t\t\t<div class=\"elementor-container elementor-column-gap-default\">\n\t\t\t\t\t\t\t<div class=\"elementor-row\">\n\t\t\t\t\t<div class=\"elementor-column elementor-col-100 elementor-top-column elementor-element elementor-element-746586d\" data-id=\"746586d\" data-element_type=\"column\">\n\t\t\t<div class=\"elementor-column-wrap elementor-element-populated\">\n\t\t\t\t\t\t\t<div class=\"elementor-widget-wrap\">\n\t\t\t\t\t\t<section class=\"elementor-section elementor-inner-section elementor-element elementor-element-4915ee9 elementor-section-content-middle elementor-section-boxed elementor-section-height-default elementor-section-height-default\" data-id=\"4915ee9\" data-element_type=\"section\">\n\t\t\t\t\t\t<div class=\"elementor-container elementor-column-gap-default\">\n\t\t\t\t\t\t\t<div class=\"elementor-row\">\n\t\t\t\t\t<div class=\"elementor-column elementor-col-50 elementor-inner-column elementor-element elementor-element-8139c17\" data-id=\"8139c17\" data-element_type=\"column\">\n\t\t\t<div class=\"elementor-column-wrap elementor-element-populated\">\n\t\t\t\t\t\t\t<div class=\"elementor-widget-wrap\">\n\t\t\t\t\t\t<div class=\"elementor-element elementor-element-5089573 elementor-widget elementor-widget-heading\" data-id=\"5089573\" data-element_type=\"widget\" data-widget_type=\"heading.default\">\n\t\t\t\t<div class=\"elementor-widget-container\">\n\t\t\t<h2 class=\"elementor-heading-title elementor-size-default\">weitere L\u00f6sungen<\/h2>\t\t<\/div>\n\t\t\t\t<\/div>\n\t\t\t\t\t\t<\/div>\n\t\t\t\t\t<\/div>\n\t\t<\/div>\n\t\t\t\t<div class=\"elementor-column elementor-col-50 elementor-inner-column elementor-element elementor-element-e8d21e7\" data-id=\"e8d21e7\" data-element_type=\"column\">\n\t\t\t<div class=\"elementor-column-wrap elementor-element-populated\">\n\t\t\t\t\t\t\t<div class=\"elementor-widget-wrap\">\n\t\t\t\t\t\t<div class=\"elementor-element elementor-element-7ea7ff8 elementor-align-right elementor-mobile-align-justify elementor-widget elementor-widget-button\" data-id=\"7ea7ff8\" data-element_type=\"widget\" data-widget_type=\"button.default\">\n\t\t\t\t<div class=\"elementor-widget-container\">\n\t\t\t\t\t<div class=\"elementor-button-wrapper\">\n\t\t\t<a href=\"#\" class=\"elementor-button-link elementor-button elementor-size-xs\" role=\"button\">\n\t\t\t\t\t\t<span class=\"elementor-button-content-wrapper\">\n\t\t\t\t\t\t<span class=\"elementor-button-text\">view portfolio<\/span>\n\t\t<\/span>\n\t\t\t\t\t<\/a>\n\t\t<\/div>\n\t\t\t\t<\/div>\n\t\t\t\t<\/div>\n\t\t\t\t\t\t<\/div>\n\t\t\t\t\t<\/div>\n\t\t<\/div>\n\t\t\t\t\t\t\t\t<\/div>\n\t\t\t\t\t<\/div>\n\t\t<\/section>\n\t\t\t\t<section class=\"elementor-section elementor-inner-section elementor-element elementor-element-5cde699 elementor-section-boxed elementor-section-height-default elementor-section-height-default\" data-id=\"5cde699\" data-element_type=\"section\">\n\t\t\t\t\t\t<div class=\"elementor-container elementor-column-gap-default\">\n\t\t\t\t\t\t\t<div class=\"elementor-row\">\n\t\t\t\t\t<div class=\"elementor-column elementor-col-50 elementor-inner-column elementor-element elementor-element-82a46f4\" data-id=\"82a46f4\" data-element_type=\"column\" data-settings=\"{&quot;background_background&quot;:&quot;classic&quot;}\">\n\t\t\t<div class=\"elementor-column-wrap elementor-element-populated\">\n\t\t\t\t\t\t\t<div class=\"elementor-widget-wrap\">\n\t\t\t\t\t\t<div class=\"elementor-element elementor-element-7e177d4 elementor-widget elementor-widget-image\" data-id=\"7e177d4\" data-element_type=\"widget\" data-widget_type=\"image.default\">\n\t\t\t\t<div class=\"elementor-widget-container\">\n\t\t\t\t\t\t\t\t<div class=\"elementor-image\">\n\t\t\t\t\t\t\t\t\t\t\t\t<img width=\"299\" height=\"299\" src=\"https:\/\/i2.wp.com\/ftec-global.com\/wp-content\/uploads\/2020\/08\/57173296_s.jpg?fit=299%2C299&amp;ssl=1\" class=\"attachment-large size-large wp-image-128\" alt=\"\" loading=\"lazy\" srcset=\"https:\/\/i2.wp.com\/ftec-global.com\/wp-content\/uploads\/2020\/08\/57173296_s.jpg?w=299&amp;ssl=1 299w, https:\/\/i2.wp.com\/ftec-global.com\/wp-content\/uploads\/2020\/08\/57173296_s.jpg?resize=150%2C150&amp;ssl=1 150w\" sizes=\"(max-width: 299px) 100vw, 299px\" \/>\t\t\t\t\t\t\t\t\t\t\t\t\t\t<\/div>\n\t\t\t\t\t\t<\/div>\n\t\t\t\t<\/div>\n\t\t\t\t<div class=\"elementor-element elementor-element-2f490fb elementor-widget elementor-widget-text-editor\" data-id=\"2f490fb\" data-element_type=\"widget\" data-widget_type=\"text-editor.default\">\n\t\t\t\t<div class=\"elementor-widget-container\">\n\t\t\t\t\t\t\t\t<div class=\"elementor-text-editor elementor-clearfix\">\n\t\t\t\t<h4 style=\"text-align: left;\">SAP GTS RISK MANAGEMENT<\/h4><div><div class=\"entry-content\"><h5 style=\"text-align: left;\">Zollpr\u00e4ferenzen nutzen und verwalten<\/h5><p style=\"text-align: left;\">\u2022 Stammdaten und Gesch\u00e4ftsprozesse nach gesetzlichen Regelungen bearbeiten<br \/>\u2022 Genehmigung nach EG\u00adDual\u00aduse\u00adVO, AMV und Embargos im Bereich des Waren\u00ad und Dienstleistungsverkehrs<br \/>\u2022 Dual\u00aduse\u00ad Liste, G\u00fcterklassifizierung<br \/>\u2022 Teilembargo\u00ad Pr\u00fcfungen<br \/>\u2022 Auswertung von Pr\u00fcfungen zur gesetzlichen Kontrolle<\/p><h5 style=\"text-align: left;\">Ihre Vorteile:<\/h5><p style=\"text-align: left;\">\u2022 Rechtssicherheit<br \/>\u2022 Optimierung Ihrer Organisation<br \/>\u2022 Effiziente und kostensparende Zollabwicklung<br \/>\u2022 Einhaltung der gesetzlichen Bestimmungen\/Anforderungen der Zollvorschriften<br \/>\u2022 Volle Bereitstellung der Audit\u00ad Daten<\/p><\/div><\/div><div style=\"text-align: center;\">\u00a0<\/div>\t\t\t\t\t<\/div>\n\t\t\t\t\t\t<\/div>\n\t\t\t\t<\/div>\n\t\t\t\t\t\t<\/div>\n\t\t\t\t\t<\/div>\n\t\t<\/div>\n\t\t\t\t<div class=\"elementor-column elementor-col-50 elementor-inner-column elementor-element elementor-element-9cf26ec\" data-id=\"9cf26ec\" data-element_type=\"column\" data-settings=\"{&quot;background_background&quot;:&quot;classic&quot;}\">\n\t\t\t<div class=\"elementor-column-wrap elementor-element-populated\">\n\t\t\t\t\t\t\t<div class=\"elementor-widget-wrap\">\n\t\t\t\t\t\t<div class=\"elementor-element elementor-element-d981cc7 elementor-widget elementor-widget-image\" data-id=\"d981cc7\" data-element_type=\"widget\" data-widget_type=\"image.default\">\n\t\t\t\t<div class=\"elementor-widget-container\">\n\t\t\t\t\t\t\t\t<div class=\"elementor-image\">\n\t\t\t\t\t\t\t\t\t\t\t\t<img width=\"299\" height=\"299\" src=\"https:\/\/i2.wp.com\/ftec-global.com\/wp-content\/uploads\/2020\/08\/57168395_s.jpg?fit=299%2C299&amp;ssl=1\" class=\"attachment-large size-large wp-image-127\" alt=\"\" loading=\"lazy\" srcset=\"https:\/\/i2.wp.com\/ftec-global.com\/wp-content\/uploads\/2020\/08\/57168395_s.jpg?w=299&amp;ssl=1 299w, https:\/\/i2.wp.com\/ftec-global.com\/wp-content\/uploads\/2020\/08\/57168395_s.jpg?resize=150%2C150&amp;ssl=1 150w\" sizes=\"(max-width: 299px) 100vw, 299px\" \/>\t\t\t\t\t\t\t\t\t\t\t\t\t\t<\/div>\n\t\t\t\t\t\t<\/div>\n\t\t\t\t<\/div>\n\t\t\t\t<div class=\"elementor-element elementor-element-7147fc3 elementor-widget elementor-widget-text-editor\" data-id=\"7147fc3\" data-element_type=\"widget\" data-widget_type=\"text-editor.default\">\n\t\t\t\t<div class=\"elementor-widget-container\">\n\t\t\t\t\t\t\t\t<div class=\"elementor-text-editor elementor-clearfix\">\n\t\t\t\t<h4 style=\"text-align: left;\">SAP GTS CUSTOMS MANAGEMENT<\/h4><p style=\"text-align: left;\">Pr\u00fcfung\/\u00dcberwachung der Logistik \u00adProzesse<br \/>\u2022 \u00dcberpr\u00fcfung aller Stamm\u00ad und Bewegungsdaten<br \/>\u2022 Pr\u00fcfung gegen Sanktionslisten<br \/>\u2022 Vereinfacht und standardisiert die Au\u00dfenhandelsprozesse eines<br \/>Unternehmens und ist voll integriert in alle Gesch\u00e4ftsprozesse<\/p><h5 style=\"text-align: left;\">Ihre Vorteile:<\/h5><ul><li style=\"text-align: left;\">Zollwerte &amp; Abgaben kennen &amp; \u00fcberblicken<\/li><li style=\"text-align: left;\">Zollanmeldungen elektronisch abwickeln<\/li><li style=\"text-align: left;\">Waren sicher klassifizieren<\/li><li style=\"text-align: left;\">Zollverfahren wirtschaftlich nutzen<\/li><li style=\"text-align: left;\">Begleitdokumente f\u00fcr die Ausfuhr korrekt erstellen<\/li><\/ul>\t\t\t\t\t<\/div>\n\t\t\t\t\t\t<\/div>\n\t\t\t\t<\/div>\n\t\t\t\t\t\t<\/div>\n\t\t\t\t\t<\/div>\n\t\t<\/div>\n\t\t\t\t\t\t\t\t<\/div>\n\t\t\t\t\t<\/div>\n\t\t<\/section>\n\t\t\t\t\t\t<\/div>\n\t\t\t\t\t<\/div>\n\t\t<\/div>\n\t\t\t\t\t\t\t\t<\/div>\n\t\t\t\t\t<\/div>\n\t\t<\/section>\n\t\t\t\t<section class=\"elementor-section elementor-top-section elementor-element elementor-element-a243e3d elementor-section-boxed elementor-section-height-default elementor-section-height-default\" data-id=\"a243e3d\" data-element_type=\"section\" data-settings=\"{&quot;background_background&quot;:&quot;classic&quot;}\">\n\t\t\t\t\t\t<div class=\"elementor-container elementor-column-gap-default\">\n\t\t\t\t\t\t\t<div class=\"elementor-row\">\n\t\t\t\t\t<div class=\"elementor-column elementor-col-100 elementor-top-column elementor-element elementor-element-54a28a7\" data-id=\"54a28a7\" data-element_type=\"column\">\n\t\t\t<div class=\"elementor-column-wrap elementor-element-populated\">\n\t\t\t\t\t\t\t<div class=\"elementor-widget-wrap\">\n\t\t\t\t\t\t<div class=\"elementor-element elementor-element-b7c5128 elementor-widget elementor-widget-heading\" data-id=\"b7c5128\" data-element_type=\"widget\" data-widget_type=\"heading.default\">\n\t\t\t\t<div class=\"elementor-widget-container\">\n\t\t\t<h2 class=\"elementor-heading-title elementor-size-default\">Au\u00dfenhandel kosteng\u00fcnstig und rechtssicher abwickeln <\/h2>\t\t<\/div>\n\t\t\t\t<\/div>\n\t\t\t\t<div class=\"elementor-element elementor-element-69cdad1 elementor-widget elementor-widget-text-editor\" data-id=\"69cdad1\" data-element_type=\"widget\" data-widget_type=\"text-editor.default\">\n\t\t\t\t<div class=\"elementor-widget-container\">\n\t\t\t\t\t\t\t\t<div class=\"elementor-text-editor elementor-clearfix\">\n\t\t\t\t<p><b>Fragen zu SAP GTS?\u00a0 Sprechen Sie mit uns.<\/b><\/p>\t\t\t\t\t<\/div>\n\t\t\t\t\t\t<\/div>\n\t\t\t\t<\/div>\n\t\t\t\t<div class=\"elementor-element elementor-element-710ec35 elementor-align-center elementor-mobile-align-justify elementor-widget elementor-widget-button\" data-id=\"710ec35\" data-element_type=\"widget\" data-widget_type=\"button.default\">\n\t\t\t\t<div class=\"elementor-widget-container\">\n\t\t\t\t\t<div class=\"elementor-button-wrapper\">\n\t\t\t<a href=\"https:\/\/ftec-global.com\/index.php\/kontakt\/\" class=\"elementor-button-link elementor-button elementor-size-lg\" role=\"button\">\n\t\t\t\t\t\t<span class=\"elementor-button-content-wrapper\">\n\t\t\t\t\t\t<span class=\"elementor-button-text\">Let's talk<\/span>\n\t\t<\/span>\n\t\t\t\t\t<\/a>\n\t\t<\/div>\n\t\t\t\t<\/div>\n\t\t\t\t<\/div>\n\t\t\t\t\t\t<\/div>\n\t\t\t\t\t<\/div>\n\t\t<\/div>\n\t\t\t\t\t\t\t\t<\/div>\n\t\t\t\t\t<\/div>\n\t\t<\/section>\n\t\t\t\t\t\t\t\t\t<\/div>\n\t\t\t<\/div>\n\t\t\t\t\t<\/div>\n\t\t","protected":false},"excerpt":{"rendered":"<p>SAP GTS Cloud Service mieten Aus der Cloud: einfach starten, ohne eigene IT-Ressourcen Um IT-Themen wie Betrieb, Updates, Datensicherheit oder Wartung brauchen Sie sich nicht zu k\u00fcmmern \u2013 das tun Spezialisten f\u00fcr Sie. Ihre Software ist immer auf dem neuesten Stand, auch bez\u00fcglich neuer Bestimmungen und Gesetze im Zoll- und Au\u00dfenwirtschaftsrecht. SAP GTS\u00a0 COMPLAINCE Sichere&hellip;&nbsp;<a href=\"https:\/\/ftec-global.com\/index.php\/sap-gts-cloud_services\/\" class=\"\" rel=\"bookmark\">Weiterlesen &raquo;<span class=\"screen-reader-text\">Cloud Services<\/span><\/a><\/p>\n","protected":false},"author":1,"featured_media":0,"parent":0,"menu_order":0,"comment_status":"closed","ping_status":"closed","template":"","meta":{"neve_meta_sidebar":"full-width","neve_meta_container":"","neve_meta_enable_content_width":"on","neve_meta_content_width":100,"neve_meta_title_alignment":"","neve_meta_author_avatar":"","neve_post_elements_order":"","neve_meta_disable_header":"","neve_meta_disable_footer":"","neve_meta_disable_title":"","spay_email":""},"_links":{"self":[{"href":"https:\/\/ftec-global.com\/index.php\/wp-json\/wp\/v2\/pages\/32"}],"collection":[{"href":"https:\/\/ftec-global.com\/index.php\/wp-json\/wp\/v2\/pages"}],"about":[{"href":"https:\/\/ftec-global.com\/index.php\/wp-json\/wp\/v2\/types\/page"}],"author":[{"embeddable":true,"href":"https:\/\/ftec-global.com\/index.php\/wp-json\/wp\/v2\/users\/1"}],"replies":[{"embeddable":true,"href":"https:\/\/ftec-global.com\/index.php\/wp-json\/wp\/v2\/comments?post=32"}],"version-history":[{"count":0,"href":"https:\/\/ftec-global.com\/index.php\/wp-json\/wp\/v2\/pages\/32\/revisions"}],"wp:attachment":[{"href":"https:\/\/ftec-global.com\/index.php\/wp-json\/wp\/v2\/media?parent=32"}],"curies":[{"name":"wp","href":"https:\/\/api.w.org\/{rel}","templated":true}]}}